{"id":1456,"date":"2018-05-09T15:33:55","date_gmt":"2018-05-09T13:33:55","guid":{"rendered":"https:\/\/blog.thecodecampus.de\/?page_id=1456"},"modified":"2024-05-15T10:53:07","modified_gmt":"2024-05-15T08:53:07","slug":"imprint","status":"publish","type":"page","link":"https:\/\/www.thecodecampus.de\/blog\/imprint\/","title":{"rendered":"Imprint"},"content":{"rendered":"<p><strong>theCodeCampus<\/strong> ist ein Brand der\u00a0<a href=\"https:\/\/www.w11k.de\/\" target=\"_blank\" rel=\"noopener\">W11K GmbH<\/a><\/p>\n<p>Verantwortlich f\u00fcr die Internetseiten der <a href=\"http:\/\/www.w11k.de\">W11K GmbH<\/a>:<\/p>\n<p><strong>W11K GmbH<\/strong><br \/>\nMartinstra\u00dfe 42\u201344<br \/>\n73728 Esslingen a. N.<\/p>\n<table>\n<tbody>\n<tr>\n<td><strong>Telefon<\/strong><\/td>\n<td>+49 711 459998 0<\/td>\n<\/tr>\n<tr>\n<td><strong>Fax<\/strong><\/td>\n<td>+49 711 459998 29<\/td>\n<\/tr>\n<tr>\n<td><strong>E-Mail<\/strong><\/td>\n<td>info(at)w11k.de<\/td>\n<\/tr>\n<\/tbody>\n<\/table>\n<table>\n<tbody>\n<tr>\n<td><strong>Gesch\u00e4ftsf\u00fchrung<\/strong><\/td>\n<td>Jan Blankenhorn, Roman Roelofsen<\/td>\n<\/tr>\n<tr>\n<td><strong>Handelsregister<\/strong><\/td>\n<td>Amtsgericht Stuttgart: HRB 214442<\/td>\n<\/tr>\n<tr>\n<td><strong>Umsatzsteuer-ID<\/strong><\/td>\n<td>DE213472880<\/td>\n<\/tr>\n<tr>\n<td><strong>Verantwortlich f\u00fcr journalistisch-redaktionelle Inhalte<br \/>\ni.S.d. \u00a7 18 Abs. 2 MStV<\/strong><\/td>\n<td>Jan Blankenhorn, blankenhorn(at)w11k.de<\/td>\n<\/tr>\n<\/tbody>\n<\/table>\n<hr \/>\n<section>\n<h4>Haftung f\u00fcr Links<\/h4>\n<p>Unser Angebot enth\u00e4lt Links zu externen Webseiten Dritter, auf deren Inhalte wir keinen Einfluss haben. Deshalb k\u00f6nnen wir f\u00fcr diese fremden Inhalte auch keine Gew\u00e4hr \u00fcbernehmen. F\u00fcr die Inhalte der verlinkten Seiten ist stets der jeweilige Anbieter oder Betreiber der Seiten verantwortlich. Die verlinkten Seiten wurden zum Zeitpunkt der Verlinkung auf m\u00f6gliche Rechtsverst\u00f6\u00dfe \u00fcberpr\u00fcft. Rechtswidrige Inhalte waren zum Zeitpunkt der Verlinkung nicht erkennbar.<\/p>\n<p>Eine permanente inhaltliche Kontrolle der verlinkten Seiten ist jedoch ohne konkrete Anhaltspunkte einer Rechtsverletzung nicht zumutbar. Bei Bekanntwerden von Rechtsverletzungen werden wir derartige Links umgehend entfernen.<\/p>\n<\/section>\n<section>\n<h4>Urheberrecht<\/h4>\n<p>Die durch die Seitenbetreiber erstellten Inhalte und Werke auf diesen Seiten unterliegen dem deutschen Urheberrecht. Die Vervielf\u00e4ltigung, Bearbeitung, Verbreitung und jede Art der Verwertung au\u00dferhalb der Grenzen des Urheberrechtes bed\u00fcrfen der schriftlichen Zustimmung des jeweiligen Autors bzw. Erstellers. Downloads und Kopien dieser Seite sind nur f\u00fcr den privaten, nicht kommerziellen Gebrauch gestattet.<\/p>\n<p>Soweit die Inhalte auf dieser Seite nicht vom Betreiber erstellt wurden, werden die Urheberrechte Dritter beachtet. Insbesondere werden Inhalte Dritter als solche gekennzeichnet. Sollten Sie trotzdem auf eine Urheberrechtsverletzung aufmerksam werden, bitten wir um einen entsprechenden Hinweis. Bei Bekanntwerden von Rechtsverletzungen werden wir derartige Inhalte umgehend entfernen.<\/p>\n<p class=\"source\"><span class=\"source-name\">Quelle:<\/span>\u2002<a href=\"https:\/\/www.e-recht24.de\/\" target=\"_blank\" rel=\"noopener\">https:\/\/www.e-recht24.de<\/a><\/p>\n<\/section>\n<section>\n<h4>Hinweis f\u00fcr Verbraucher<\/h4>\n<p>Plattform der Europ\u00e4ischen Kommission zur Online-Streitbeilegung (OS) f\u00fcr Verbraucher: <a href=\"https:\/\/ec.europa.eu\/consumers\/odr\/\" target=\"_blank\" rel=\"noopener\">https:\/\/ec.europa.eu\/consumers\/odr\/<\/a><\/p>\n<\/section>\n","protected":false},"excerpt":{"rendered":"<p>theCodeCampus ist ein Brand der\u00a0W11K GmbH Verantwortlich f\u00fcr die Internetseiten der W11K GmbH: W11K GmbH Martinstra\u00dfe 42\u201344 73728 Esslingen a. N. Telefon +49 711 459998 0 Fax +49 711 459998 29 E-Mail info(at)w11k.de Gesch\u00e4ftsf\u00fchrung Jan Blankenhorn, Roman Roelofsen Handelsregister Amtsgericht Stuttgart: HRB 214442 Umsatzsteuer-ID DE213472880 Verantwortlich f\u00fcr journalistisch-redaktionelle Inhalte i.S.d. \u00a7 18 Abs. 2 MStV [&#8230;]<br \/><a class=\"meta-big\" href=\"https:\/\/www.thecodecampus.de\/blog\/imprint\/\"> READ MORE<\/a><\/p>\n","protected":false},"author":29,"featured_media":0,"parent":0,"menu_order":0,"comment_status":"closed","ping_status":"closed","template":"","meta":{"footnotes":""},"class_list":["post-1456","page","type-page","status-publish","hentry"],"yoast_head":"<!-- This site is optimized with the Yoast SEO plugin v27.5 - https:\/\/yoast.com\/product\/yoast-seo-wordpress\/ -->\n<title>Imprint -<\/title>\n<meta name=\"robots\" content=\"index, follow, max-snippet:-1, max-image-preview:large, max-video-preview:-1\" \/>\n<link rel=\"canonical\" href=\"https:\/\/www.thecodecampus.de\/blog\/imprint\/\" \/>\n<meta property=\"og:locale\" content=\"en_US\" \/>\n<meta property=\"og:type\" content=\"article\" \/>\n<meta property=\"og:title\" content=\"Imprint -\" \/>\n<meta property=\"og:description\" content=\"theCodeCampus ist ein Brand der\u00a0W11K GmbH Verantwortlich f\u00fcr die Internetseiten der W11K GmbH: W11K GmbH Martinstra\u00dfe 42\u201344 73728 Esslingen a. N. Telefon +49 711 459998 0 Fax +49 711 459998 29 E-Mail info(at)w11k.de Gesch\u00e4ftsf\u00fchrung Jan Blankenhorn, Roman Roelofsen Handelsregister Amtsgericht Stuttgart: HRB 214442 Umsatzsteuer-ID DE213472880 Verantwortlich f\u00fcr journalistisch-redaktionelle Inhalte i.S.d. \u00a7 18 Abs. 2 MStV [...] READ MORE\" \/>\n<meta property=\"og:url\" content=\"https:\/\/www.thecodecampus.de\/blog\/imprint\/\" \/>\n<meta property=\"og:site_name\" content=\"Web Development tips and tricks - theCodeCampus Blog\" \/>\n<meta property=\"article:modified_time\" content=\"2024-05-15T08:53:07+00:00\" \/>\n<meta name=\"twitter:card\" content=\"summary_large_image\" \/>\n<meta name=\"twitter:label1\" content=\"Est. reading time\" \/>\n\t<meta name=\"twitter:data1\" content=\"2 minutes\" \/>\n<script type=\"application\/ld+json\" class=\"yoast-schema-graph\">{\"@context\":\"https:\\\/\\\/schema.org\",\"@graph\":[{\"@type\":\"WebPage\",\"@id\":\"https:\\\/\\\/www.thecodecampus.de\\\/blog\\\/imprint\\\/\",\"url\":\"https:\\\/\\\/www.thecodecampus.de\\\/blog\\\/imprint\\\/\",\"name\":\"Imprint -\",\"isPartOf\":{\"@id\":\"https:\\\/\\\/www.thecodecampus.de\\\/blog\\\/#website\"},\"datePublished\":\"2018-05-09T13:33:55+00:00\",\"dateModified\":\"2024-05-15T08:53:07+00:00\",\"breadcrumb\":{\"@id\":\"https:\\\/\\\/www.thecodecampus.de\\\/blog\\\/imprint\\\/#breadcrumb\"},\"inLanguage\":\"en-US\",\"potentialAction\":[{\"@type\":\"ReadAction\",\"target\":[\"https:\\\/\\\/www.thecodecampus.de\\\/blog\\\/imprint\\\/\"]}]},{\"@type\":\"BreadcrumbList\",\"@id\":\"https:\\\/\\\/www.thecodecampus.de\\\/blog\\\/imprint\\\/#breadcrumb\",\"itemListElement\":[{\"@type\":\"ListItem\",\"position\":1,\"name\":\"Home\",\"item\":\"https:\\\/\\\/www.thecodecampus.de\\\/blog\\\/\"},{\"@type\":\"ListItem\",\"position\":2,\"name\":\"Imprint\"}]},{\"@type\":\"WebSite\",\"@id\":\"https:\\\/\\\/www.thecodecampus.de\\\/blog\\\/#website\",\"url\":\"https:\\\/\\\/www.thecodecampus.de\\\/blog\\\/\",\"name\":\"Web Development tips and tricks - theCodeCampus Blog\",\"description\":\"Tips, tricks, and experiences about developing web and mobile applications with Angular, TypeScript, and Testing.\",\"publisher\":{\"@id\":\"https:\\\/\\\/www.thecodecampus.de\\\/blog\\\/#organization\"},\"potentialAction\":[{\"@type\":\"SearchAction\",\"target\":{\"@type\":\"EntryPoint\",\"urlTemplate\":\"https:\\\/\\\/www.thecodecampus.de\\\/blog\\\/?s={search_term_string}\"},\"query-input\":{\"@type\":\"PropertyValueSpecification\",\"valueRequired\":true,\"valueName\":\"search_term_string\"}}],\"inLanguage\":\"en-US\"},{\"@type\":\"Organization\",\"@id\":\"https:\\\/\\\/www.thecodecampus.de\\\/blog\\\/#organization\",\"name\":\"theCodeCampus\",\"url\":\"https:\\\/\\\/www.thecodecampus.de\\\/blog\\\/\",\"logo\":{\"@type\":\"ImageObject\",\"inLanguage\":\"en-US\",\"@id\":\"https:\\\/\\\/www.thecodecampus.de\\\/blog\\\/#\\\/schema\\\/logo\\\/image\\\/\",\"url\":\"https:\\\/\\\/www.thecodecampus.de\\\/blog\\\/wp-content\\\/uploads\\\/2024\\\/01\\\/TCC-Logo-Bildmarke-quadratisch.jpg\",\"contentUrl\":\"https:\\\/\\\/www.thecodecampus.de\\\/blog\\\/wp-content\\\/uploads\\\/2024\\\/01\\\/TCC-Logo-Bildmarke-quadratisch.jpg\",\"width\":156,\"height\":156,\"caption\":\"theCodeCampus\"},\"image\":{\"@id\":\"https:\\\/\\\/www.thecodecampus.de\\\/blog\\\/#\\\/schema\\\/logo\\\/image\\\/\"}}]}<\/script>\n<!-- \/ Yoast SEO plugin. -->","yoast_head_json":{"title":"Imprint -","robots":{"index":"index","follow":"follow","max-snippet":"max-snippet:-1","max-image-preview":"max-image-preview:large","max-video-preview":"max-video-preview:-1"},"canonical":"https:\/\/www.thecodecampus.de\/blog\/imprint\/","og_locale":"en_US","og_type":"article","og_title":"Imprint -","og_description":"theCodeCampus ist ein Brand der\u00a0W11K GmbH Verantwortlich f\u00fcr die Internetseiten der W11K GmbH: W11K GmbH Martinstra\u00dfe 42\u201344 73728 Esslingen a. N. Telefon +49 711 459998 0 Fax +49 711 459998 29 E-Mail info(at)w11k.de Gesch\u00e4ftsf\u00fchrung Jan Blankenhorn, Roman Roelofsen Handelsregister Amtsgericht Stuttgart: HRB 214442 Umsatzsteuer-ID DE213472880 Verantwortlich f\u00fcr journalistisch-redaktionelle Inhalte i.S.d. \u00a7 18 Abs. 2 MStV [...] READ MORE","og_url":"https:\/\/www.thecodecampus.de\/blog\/imprint\/","og_site_name":"Web Development tips and tricks - theCodeCampus Blog","article_modified_time":"2024-05-15T08:53:07+00:00","twitter_card":"summary_large_image","twitter_misc":{"Est. reading time":"2 minutes"},"schema":{"@context":"https:\/\/schema.org","@graph":[{"@type":"WebPage","@id":"https:\/\/www.thecodecampus.de\/blog\/imprint\/","url":"https:\/\/www.thecodecampus.de\/blog\/imprint\/","name":"Imprint -","isPartOf":{"@id":"https:\/\/www.thecodecampus.de\/blog\/#website"},"datePublished":"2018-05-09T13:33:55+00:00","dateModified":"2024-05-15T08:53:07+00:00","breadcrumb":{"@id":"https:\/\/www.thecodecampus.de\/blog\/imprint\/#breadcrumb"},"inLanguage":"en-US","potentialAction":[{"@type":"ReadAction","target":["https:\/\/www.thecodecampus.de\/blog\/imprint\/"]}]},{"@type":"BreadcrumbList","@id":"https:\/\/www.thecodecampus.de\/blog\/imprint\/#breadcrumb","itemListElement":[{"@type":"ListItem","position":1,"name":"Home","item":"https:\/\/www.thecodecampus.de\/blog\/"},{"@type":"ListItem","position":2,"name":"Imprint"}]},{"@type":"WebSite","@id":"https:\/\/www.thecodecampus.de\/blog\/#website","url":"https:\/\/www.thecodecampus.de\/blog\/","name":"Web Development tips and tricks - theCodeCampus Blog","description":"Tips, tricks, and experiences about developing web and mobile applications with Angular, TypeScript, and Testing.","publisher":{"@id":"https:\/\/www.thecodecampus.de\/blog\/#organization"},"potentialAction":[{"@type":"SearchAction","target":{"@type":"EntryPoint","urlTemplate":"https:\/\/www.thecodecampus.de\/blog\/?s={search_term_string}"},"query-input":{"@type":"PropertyValueSpecification","valueRequired":true,"valueName":"search_term_string"}}],"inLanguage":"en-US"},{"@type":"Organization","@id":"https:\/\/www.thecodecampus.de\/blog\/#organization","name":"theCodeCampus","url":"https:\/\/www.thecodecampus.de\/blog\/","logo":{"@type":"ImageObject","inLanguage":"en-US","@id":"https:\/\/www.thecodecampus.de\/blog\/#\/schema\/logo\/image\/","url":"https:\/\/www.thecodecampus.de\/blog\/wp-content\/uploads\/2024\/01\/TCC-Logo-Bildmarke-quadratisch.jpg","contentUrl":"https:\/\/www.thecodecampus.de\/blog\/wp-content\/uploads\/2024\/01\/TCC-Logo-Bildmarke-quadratisch.jpg","width":156,"height":156,"caption":"theCodeCampus"},"image":{"@id":"https:\/\/www.thecodecampus.de\/blog\/#\/schema\/logo\/image\/"}}]}},"_links":{"self":[{"href":"https:\/\/www.thecodecampus.de\/blog\/wp-json\/wp\/v2\/pages\/1456","targetHints":{"allow":["GET"]}}],"collection":[{"href":"https:\/\/www.thecodecampus.de\/blog\/wp-json\/wp\/v2\/pages"}],"about":[{"href":"https:\/\/www.thecodecampus.de\/blog\/wp-json\/wp\/v2\/types\/page"}],"author":[{"embeddable":true,"href":"https:\/\/www.thecodecampus.de\/blog\/wp-json\/wp\/v2\/users\/29"}],"replies":[{"embeddable":true,"href":"https:\/\/www.thecodecampus.de\/blog\/wp-json\/wp\/v2\/comments?post=1456"}],"version-history":[{"count":9,"href":"https:\/\/www.thecodecampus.de\/blog\/wp-json\/wp\/v2\/pages\/1456\/revisions"}],"predecessor-version":[{"id":2891,"href":"https:\/\/www.thecodecampus.de\/blog\/wp-json\/wp\/v2\/pages\/1456\/revisions\/2891"}],"wp:attachment":[{"href":"https:\/\/www.thecodecampus.de\/blog\/wp-json\/wp\/v2\/media?parent=1456"}],"curies":[{"name":"wp","href":"https:\/\/api.w.org\/{rel}","templated":true}]}}